{"id":8631,"date":"2025-11-04T12:29:19","date_gmt":"2025-11-04T12:29:19","guid":{"rendered":"https:\/\/lynx.legal\/uvodna-stranka\/"},"modified":"2026-03-19T09:40:38","modified_gmt":"2026-03-19T09:40:38","slug":"uvodna-stranka","status":"publish","type":"page","link":"https:\/\/lynx.legal\/sk\/","title":{"rendered":"\u00davodn\u00e1 str\u00e1nka"},"content":{"rendered":"","protected":false},"excerpt":{"rendered":"","protected":false},"author":1,"featured_media":0,"parent":0,"menu_order":0,"comment_status":"closed","ping_status":"closed","template":"","meta":{"_acf_changed":false,"footnotes":""},"class_list":["post-8631","page","type-page","status-publish","hentry"],"acf":[],"_links":{"self":[{"href":"https:\/\/lynx.legal\/sk\/wp-json\/wp\/v2\/pages\/8631","targetHints":{"allow":["GET"]}}],"collection":[{"href":"https:\/\/lynx.legal\/sk\/wp-json\/wp\/v2\/pages"}],"about":[{"href":"https:\/\/lynx.legal\/sk\/wp-json\/wp\/v2\/types\/page"}],"author":[{"embeddable":true,"href":"https:\/\/lynx.legal\/sk\/wp-json\/wp\/v2\/users\/1"}],"replies":[{"embeddable":true,"href":"https:\/\/lynx.legal\/sk\/wp-json\/wp\/v2\/comments?post=8631"}],"version-history":[{"count":1,"href":"https:\/\/lynx.legal\/sk\/wp-json\/wp\/v2\/pages\/8631\/revisions"}],"predecessor-version":[{"id":8903,"href":"https:\/\/lynx.legal\/sk\/wp-json\/wp\/v2\/pages\/8631\/revisions\/8903"}],"wp:attachment":[{"href":"https:\/\/lynx.legal\/sk\/wp-json\/wp\/v2\/media?parent=8631"}],"curies":[{"name":"wp","href":"https:\/\/api.w.org\/{rel}","templated":true}]}}